{"id":48,"date":"2020-12-10T09:51:34","date_gmt":"2020-12-10T09:51:34","guid":{"rendered":"http:\/\/paul-themes.com\/wordpress\/gilber\/?page_id=48"},"modified":"2024-03-04T11:58:37","modified_gmt":"2024-03-04T11:58:37","slug":"marketing-digital","status":"publish","type":"page","link":"https:\/\/fabiodigiorgio.com.br\/uplevel\/","title":{"rendered":"Fullpage Slider"},"content":{"rendered":"","protected":false},"excerpt":{"rendered":"","protected":false},"author":1,"featured_media":0,"parent":0,"menu_order":0,"comment_status":"closed","ping_status":"closed","template":"template-fullpage-slider.php","meta":{"footnotes":""},"class_list":["post-48","page","type-page","status-publish","hentry"],"yoast_head":"<!-- This site is optimized with the Yoast SEO plugin v27.2 - https:\/\/yoast.com\/product\/yoast-seo-wordpress\/ -->\n<title>Performance Digital - FADG<\/title>\n<meta name=\"description\" content=\"Os servi\u00e7os digitais s\u00e3o essenciais para empresas que buscam fortalecer sua presen\u00e7a na internet e se conectar com seu p\u00fablico-alvo. Oferecemos solu\u00e7\u00f5es de desenvolvimento customizadas para atender \u00e0s necessidades espec\u00edficas da sua empresa. Com expertise em desenvolvimento web, mobile e de software, trabalhamos para fornecer as solu\u00e7\u00f5es mais avan\u00e7adas do mercado que vai ajudar sua empresa a se destacar no mercado digital. Conhe\u00e7a nossos servi\u00e7os de desenvolvimento e solu\u00e7\u00f5es e impulsione sua empresa para o sucesso.\" \/>\n<meta name=\"robots\" content=\"index, follow, max-snippet:-1, max-image-preview:large, max-video-preview:-1\" \/>\n<link rel=\"canonical\" href=\"https:\/\/fabiodigiorgio.com.br\/uplevel\/\" \/>\n<meta property=\"og:locale\" content=\"pt_BR\" \/>\n<meta property=\"og:type\" content=\"article\" \/>\n<meta property=\"og:title\" content=\"Performance Digital - FADG\" \/>\n<meta property=\"og:description\" content=\"Os servi\u00e7os digitais s\u00e3o essenciais para empresas que buscam fortalecer sua presen\u00e7a na internet e se conectar com seu p\u00fablico-alvo. Oferecemos solu\u00e7\u00f5es de desenvolvimento customizadas para atender \u00e0s necessidades espec\u00edficas da sua empresa. Com expertise em desenvolvimento web, mobile e de software, trabalhamos para fornecer as solu\u00e7\u00f5es mais avan\u00e7adas do mercado que vai ajudar sua empresa a se destacar no mercado digital. Conhe\u00e7a nossos servi\u00e7os de desenvolvimento e solu\u00e7\u00f5es e impulsione sua empresa para o sucesso.\" \/>\n<meta property=\"og:url\" content=\"https:\/\/fabiodigiorgio.com.br\/uplevel\/\" \/>\n<meta property=\"og:site_name\" content=\"FADG\" \/>\n<meta property=\"article:modified_time\" content=\"2024-03-04T11:58:37+00:00\" \/>\n<meta name=\"twitter:card\" content=\"summary_large_image\" \/>\n<script type=\"application\/ld+json\" class=\"yoast-schema-graph\">{\"@context\":\"https:\/\/schema.org\",\"@graph\":[{\"@type\":\"WebPage\",\"@id\":\"https:\/\/fabiodigiorgio.com.br\/uplevel\/\",\"url\":\"https:\/\/fabiodigiorgio.com.br\/uplevel\/\",\"name\":\"Performance Digital - FADG\",\"isPartOf\":{\"@id\":\"https:\/\/fabiodigiorgio.com.br\/uplevel\/#website\"},\"datePublished\":\"2020-12-10T09:51:34+00:00\",\"dateModified\":\"2024-03-04T11:58:37+00:00\",\"description\":\"Os servi\u00e7os digitais s\u00e3o essenciais para empresas que buscam fortalecer sua presen\u00e7a na internet e se conectar com seu p\u00fablico-alvo. Oferecemos solu\u00e7\u00f5es de desenvolvimento customizadas para atender \u00e0s necessidades espec\u00edficas da sua empresa. Com expertise em desenvolvimento web, mobile e de software, trabalhamos para fornecer as solu\u00e7\u00f5es mais avan\u00e7adas do mercado que vai ajudar sua empresa a se destacar no mercado digital. Conhe\u00e7a nossos servi\u00e7os de desenvolvimento e solu\u00e7\u00f5es e impulsione sua empresa para o sucesso.\",\"breadcrumb\":{\"@id\":\"https:\/\/fabiodigiorgio.com.br\/uplevel\/#breadcrumb\"},\"inLanguage\":\"pt-BR\",\"potentialAction\":[{\"@type\":\"ReadAction\",\"target\":[\"https:\/\/fabiodigiorgio.com.br\/uplevel\/\"]}]},{\"@type\":\"BreadcrumbList\",\"@id\":\"https:\/\/fabiodigiorgio.com.br\/uplevel\/#breadcrumb\",\"itemListElement\":[{\"@type\":\"ListItem\",\"position\":1,\"name\":\"In\u00edcio\",\"item\":\"https:\/\/fabiodigiorgio.com.br\/uplevel\/\"},{\"@type\":\"ListItem\",\"position\":2,\"name\":\"Fullpage Slider\"}]},{\"@type\":\"WebSite\",\"@id\":\"https:\/\/fabiodigiorgio.com.br\/uplevel\/#website\",\"url\":\"https:\/\/fabiodigiorgio.com.br\/uplevel\/\",\"name\":\"FADG\",\"description\":\"F\u00e1bio Di Giorgio\",\"potentialAction\":[{\"@type\":\"SearchAction\",\"target\":{\"@type\":\"EntryPoint\",\"urlTemplate\":\"https:\/\/fabiodigiorgio.com.br\/uplevel\/?s={search_term_string}\"},\"query-input\":{\"@type\":\"PropertyValueSpecification\",\"valueRequired\":true,\"valueName\":\"search_term_string\"}}],\"inLanguage\":\"pt-BR\"}]}<\/script>\n<!-- \/ Yoast SEO plugin. -->","yoast_head_json":{"title":"Performance Digital - FADG","description":"Os servi\u00e7os digitais s\u00e3o essenciais para empresas que buscam fortalecer sua presen\u00e7a na internet e se conectar com seu p\u00fablico-alvo. Oferecemos solu\u00e7\u00f5es de desenvolvimento customizadas para atender \u00e0s necessidades espec\u00edficas da sua empresa. Com expertise em desenvolvimento web, mobile e de software, trabalhamos para fornecer as solu\u00e7\u00f5es mais avan\u00e7adas do mercado que vai ajudar sua empresa a se destacar no mercado digital. Conhe\u00e7a nossos servi\u00e7os de desenvolvimento e solu\u00e7\u00f5es e impulsione sua empresa para o sucesso.","robots":{"index":"index","follow":"follow","max-snippet":"max-snippet:-1","max-image-preview":"max-image-preview:large","max-video-preview":"max-video-preview:-1"},"canonical":"https:\/\/fabiodigiorgio.com.br\/uplevel\/","og_locale":"pt_BR","og_type":"article","og_title":"Performance Digital - FADG","og_description":"Os servi\u00e7os digitais s\u00e3o essenciais para empresas que buscam fortalecer sua presen\u00e7a na internet e se conectar com seu p\u00fablico-alvo. Oferecemos solu\u00e7\u00f5es de desenvolvimento customizadas para atender \u00e0s necessidades espec\u00edficas da sua empresa. Com expertise em desenvolvimento web, mobile e de software, trabalhamos para fornecer as solu\u00e7\u00f5es mais avan\u00e7adas do mercado que vai ajudar sua empresa a se destacar no mercado digital. Conhe\u00e7a nossos servi\u00e7os de desenvolvimento e solu\u00e7\u00f5es e impulsione sua empresa para o sucesso.","og_url":"https:\/\/fabiodigiorgio.com.br\/uplevel\/","og_site_name":"FADG","article_modified_time":"2024-03-04T11:58:37+00:00","twitter_card":"summary_large_image","schema":{"@context":"https:\/\/schema.org","@graph":[{"@type":"WebPage","@id":"https:\/\/fabiodigiorgio.com.br\/uplevel\/","url":"https:\/\/fabiodigiorgio.com.br\/uplevel\/","name":"Performance Digital - FADG","isPartOf":{"@id":"https:\/\/fabiodigiorgio.com.br\/uplevel\/#website"},"datePublished":"2020-12-10T09:51:34+00:00","dateModified":"2024-03-04T11:58:37+00:00","description":"Os servi\u00e7os digitais s\u00e3o essenciais para empresas que buscam fortalecer sua presen\u00e7a na internet e se conectar com seu p\u00fablico-alvo. Oferecemos solu\u00e7\u00f5es de desenvolvimento customizadas para atender \u00e0s necessidades espec\u00edficas da sua empresa. Com expertise em desenvolvimento web, mobile e de software, trabalhamos para fornecer as solu\u00e7\u00f5es mais avan\u00e7adas do mercado que vai ajudar sua empresa a se destacar no mercado digital. Conhe\u00e7a nossos servi\u00e7os de desenvolvimento e solu\u00e7\u00f5es e impulsione sua empresa para o sucesso.","breadcrumb":{"@id":"https:\/\/fabiodigiorgio.com.br\/uplevel\/#breadcrumb"},"inLanguage":"pt-BR","potentialAction":[{"@type":"ReadAction","target":["https:\/\/fabiodigiorgio.com.br\/uplevel\/"]}]},{"@type":"BreadcrumbList","@id":"https:\/\/fabiodigiorgio.com.br\/uplevel\/#breadcrumb","itemListElement":[{"@type":"ListItem","position":1,"name":"In\u00edcio","item":"https:\/\/fabiodigiorgio.com.br\/uplevel\/"},{"@type":"ListItem","position":2,"name":"Fullpage Slider"}]},{"@type":"WebSite","@id":"https:\/\/fabiodigiorgio.com.br\/uplevel\/#website","url":"https:\/\/fabiodigiorgio.com.br\/uplevel\/","name":"FADG","description":"F\u00e1bio Di Giorgio","potentialAction":[{"@type":"SearchAction","target":{"@type":"EntryPoint","urlTemplate":"https:\/\/fabiodigiorgio.com.br\/uplevel\/?s={search_term_string}"},"query-input":{"@type":"PropertyValueSpecification","valueRequired":true,"valueName":"search_term_string"}}],"inLanguage":"pt-BR"}]}},"_links":{"self":[{"href":"https:\/\/fabiodigiorgio.com.br\/uplevel\/wp-json\/wp\/v2\/pages\/48","targetHints":{"allow":["GET"]}}],"collection":[{"href":"https:\/\/fabiodigiorgio.com.br\/uplevel\/wp-json\/wp\/v2\/pages"}],"about":[{"href":"https:\/\/fabiodigiorgio.com.br\/uplevel\/wp-json\/wp\/v2\/types\/page"}],"author":[{"embeddable":true,"href":"https:\/\/fabiodigiorgio.com.br\/uplevel\/wp-json\/wp\/v2\/users\/1"}],"replies":[{"embeddable":true,"href":"https:\/\/fabiodigiorgio.com.br\/uplevel\/wp-json\/wp\/v2\/comments?post=48"}],"version-history":[{"count":1,"href":"https:\/\/fabiodigiorgio.com.br\/uplevel\/wp-json\/wp\/v2\/pages\/48\/revisions"}],"predecessor-version":[{"id":536,"href":"https:\/\/fabiodigiorgio.com.br\/uplevel\/wp-json\/wp\/v2\/pages\/48\/revisions\/536"}],"wp:attachment":[{"href":"https:\/\/fabiodigiorgio.com.br\/uplevel\/wp-json\/wp\/v2\/media?parent=48"}],"curies":[{"name":"wp","href":"https:\/\/api.w.org\/{rel}","templated":true}]}}